{"id":23085,"date":"2017-02-23T16:51:29","date_gmt":"2017-02-23T15:51:29","guid":{"rendered":"https:\/\/boronvini.com\/?page_id=23085"},"modified":"2021-11-02T09:55:06","modified_gmt":"2021-11-02T08:55:06","slug":"la-cantina","status":"publish","type":"page","link":"https:\/\/boronvini.com\/de\/der-weinkeller\/","title":{"rendered":"Der Weinkeller"},"content":{"rendered":"<div class=\"wpb-content-wrapper\"><p>[vc_row type=&#8220;grid&#8220; el_class=&#8220;vc_row_content&#8220;][vc_column]<div id=\"ultimate-heading-835069e79405cba7c\" class=\"uvc-heading ult-adjust-bottom-margin ultimate-heading-835069e79405cba7c uvc-2298 \" data-hspacer=\"no_spacer\"  data-halign=\"center\" style=\"text-align:center\"><div class=\"uvc-heading-spacer no_spacer\" style=\"top\"><\/div><div class=\"uvc-main-heading ult-responsive\"  data-ultimate-target='.uvc-heading.ultimate-heading-835069e79405cba7c h1'  data-responsive-json-new='{\"font-size\":\"\",\"line-height\":\"\"}' ><h1 style=\"font-weight:normal;\">Der Weinkeller<\/h1><\/div><\/div><div id=\"ultimate-heading-688269e79405cbab4\" class=\"uvc-heading ult-adjust-bottom-margin ultimate-heading-688269e79405cbab4 uvc-3769 \" data-hspacer=\"no_spacer\"  data-halign=\"center\" style=\"text-align:center\"><div class=\"uvc-heading-spacer no_spacer\" style=\"top\"><\/div><div class=\"uvc-main-heading ult-responsive\"  data-ultimate-target='.uvc-heading.ultimate-heading-688269e79405cbab4 h2'  data-responsive-json-new='{\"font-size\":\"\",\"line-height\":\"\"}' ><h2 style=\"font-weight:normal;\">Tradition und Innovation zeichnen die st\u00e4ndig wachsende Entwicklung unseres Unternehmens aus. Das Ergebnis sind vollmundige und charakterstarke Weine.<\/h2><\/div><\/div>[\/vc_column][\/vc_row][vc_row][vc_column][vc_empty_space][\/vc_column][\/vc_row][vc_row type=&#8220;grid&#8220;][vc_column width=&#8220;1\/2&#8243;]<div id=\"ultimate-heading-432369e79405cbace\" class=\"uvc-heading ult-adjust-bottom-margin ultimate-heading-432369e79405cbace uvc-1631 \" data-hspacer=\"no_spacer\"  data-halign=\"left\" style=\"text-align:left\"><div class=\"uvc-heading-spacer no_spacer\" style=\"top\"><\/div><div class=\"uvc-main-heading ult-responsive\"  data-ultimate-target='.uvc-heading.ultimate-heading-432369e79405cbace h3'  data-responsive-json-new='{\"font-size\":\"\",\"line-height\":\"\"}' ><h3 style=\"font-weight:normal;\">Die Struktur<\/h3><\/div><\/div>[vc_empty_space][vc_column_text]Diese reicht von Vinifikation der Trauben zur Herstellung von Sekt bis zur Alterung in Holzf\u00e4ssern.<\/p>\n<p>Dazu werden Pneumatikpressen zum Keltern, Abbeer-Keltermaschinen, Wannen mit kontrollierter Temperatur w\u00e4hrend der G\u00e4rung und ein automatisiertes System zur Filtrierung der Moste benutzt.<\/p>\n<p>Der gesamte Produktionszyklus bis zum Abf\u00fcllen in Flaschen erfolgt zur G\u00e4nze im Betrieb, ein Verfahren, das f\u00fcr <strong>Qualit\u00e4t<\/strong> b\u00fcrgt. [\/vc_column_text][\/vc_column][vc_column width=&#8220;1\/2&#8243;][vc_single_image image=&#8220;23815&#8243; img_size=&#8220;full&#8220;][\/vc_column][\/vc_row][vc_row][vc_column][vc_empty_space][\/vc_column][\/vc_row][vc_row type=&#8220;grid&#8220; el_class=&#8220;vc_row_content&#8220;][vc_column width=&#8220;1\/2&#8243;][vc_single_image image=&#8220;23816&#8243; img_size=&#8220;full&#8220;][\/vc_column][vc_column width=&#8220;1\/2&#8243;]<div id=\"ultimate-heading-280269e79405cbae4\" class=\"uvc-heading ult-adjust-bottom-margin ultimate-heading-280269e79405cbae4 uvc-1747 \" data-hspacer=\"no_spacer\"  data-halign=\"left\" style=\"text-align:left\"><div class=\"uvc-heading-spacer no_spacer\" style=\"top\"><\/div><div class=\"uvc-main-heading ult-responsive\"  data-ultimate-target='.uvc-heading.ultimate-heading-280269e79405cbae4 h3'  data-responsive-json-new='{\"font-size\":\"\",\"line-height\":\"\"}' ><h3 style=\"font-weight:normal;\">Die B\u00f6den<\/h3><\/div><\/div>[vc_empty_space][vc_column_text]35 Hektar Weing\u00e4rten werden von der Familie Boron bebaut.<\/p>\n<p>Sie erstrecken sich \u00fcber ein Gebiet, das seit <strong>den ersten Ansiedelungen der R\u00f6mer dem Weinbau dient<\/strong>.<\/p>\n<p>Die besonderen morphologischen und klimatischen Bedingungen haben hier schon immer die Voraussetzungen f\u00fcr den Anbau von qualitativ hochstehenden Weinen geschaffen.<br \/>\nDie perfekte Reifung der Trauben, die Sorgfalt und das handwerkliche K\u00f6nnen bei der Abwicklung der Arbeitsschritte tragen zum Ergebnis eines exzellenten Produktes bei.[\/vc_column_text][\/vc_column][\/vc_row]<\/p>\n<\/div>","protected":false},"excerpt":{"rendered":"<p>[vc_row type=&#8220;grid&#8220; el_class=&#8220;vc_row_content&#8220;][vc_column][\/vc_column][\/vc_row][vc_row][vc_column][vc_empty_space][\/vc_column][\/vc_row][vc_row type=&#8220;grid&#8220;][vc_column width=&#8220;1\/2&#8243;][vc_empty_space][vc_column_text]Diese reicht von Vinifikation der Trauben zur Herstellung von Sekt bis zur Alterung in Holzf\u00e4ssern. Dazu werden Pneumatikpressen zum Keltern, Abbeer-Keltermaschinen, Wannen mit kontrollierter Temperatur w\u00e4hrend der G\u00e4rung und ein automatisiertes System zur Filtrierung der Moste benutzt. Der gesamte Produktionszyklus bis&#8230;<\/p>\n","protected":false},"author":8,"featured_media":23955,"parent":0,"menu_order":0,"comment_status":"closed","ping_status":"closed","template":"","meta":{"_acf_changed":false,"footnotes":""},"class_list":["post-23085","page","type-page","status-publish","has-post-thumbnail","hentry"],"acf":[],"yoast_head":"<!-- This site is optimized with the Yoast SEO plugin v27.3 - https:\/\/yoast.com\/product\/yoast-seo-wordpress\/ -->\n<title>Der Weinkeller - Vini Boron - Lison Pramaggiore (Italien)<\/title>\n<meta name=\"description\" content=\"Tradition und Innovation zeichnen die st\u00e4ndig wachsende Entwicklung unseres Unternehmens aus. Das Ergebnis sind vollmundige und charakterstarke Weine.\" \/>\n<meta name=\"robots\" content=\"index, follow, max-snippet:-1, max-image-preview:large, max-video-preview:-1\" \/>\n<link rel=\"canonical\" href=\"https:\/\/boronvini.com\/de\/la-cantina\/\" \/>\n<meta property=\"og:locale\" content=\"de_DE\" \/>\n<meta property=\"og:type\" content=\"article\" \/>\n<meta property=\"og:title\" content=\"Der Weinkeller - Vini Boron - Lison Pramaggiore (Italien)\" \/>\n<meta property=\"og:description\" content=\"Tradition und Innovation zeichnen die st\u00e4ndig wachsende Entwicklung unseres Unternehmens aus. Das Ergebnis sind vollmundige und charakterstarke Weine.\" \/>\n<meta property=\"og:url\" content=\"https:\/\/boronvini.com\/de\/la-cantina\/\" \/>\n<meta property=\"og:site_name\" content=\"Vini Boron - Lison Pramaggiore (Italien)\" \/>\n<meta property=\"article:modified_time\" content=\"2021-11-02T08:55:06+00:00\" \/>\n<meta property=\"og:image\" content=\"https:\/\/boronvini.com\/wp-content\/uploads\/2019\/01\/banner-azienda-boron.jpg\" \/>\n\t<meta property=\"og:image:width\" content=\"1900\" \/>\n\t<meta property=\"og:image:height\" content=\"500\" \/>\n\t<meta property=\"og:image:type\" content=\"image\/jpeg\" \/>\n<meta name=\"twitter:card\" content=\"summary_large_image\" \/>\n<meta name=\"twitter:label1\" content=\"Gesch\u00e4tzte Lesezeit\" \/>\n\t<meta name=\"twitter:data1\" content=\"1\u00a0Minute\" \/>\n<script type=\"application\/ld+json\" class=\"yoast-schema-graph\">{\"@context\":\"https:\\\/\\\/schema.org\",\"@graph\":[{\"@type\":\"WebPage\",\"@id\":\"https:\\\/\\\/boronvini.com\\\/de\\\/la-cantina\\\/\",\"url\":\"https:\\\/\\\/boronvini.com\\\/de\\\/la-cantina\\\/\",\"name\":\"Der Weinkeller - Vini Boron - Lison Pramaggiore (Italien)\",\"isPartOf\":{\"@id\":\"https:\\\/\\\/boronvini.com\\\/de\\\/#website\"},\"primaryImageOfPage\":{\"@id\":\"https:\\\/\\\/boronvini.com\\\/de\\\/la-cantina\\\/#primaryimage\"},\"image\":{\"@id\":\"https:\\\/\\\/boronvini.com\\\/la-cantina\\\/#primaryimage\"},\"thumbnailUrl\":\"https:\\\/\\\/boronvini.com\\\/wp-content\\\/uploads\\\/2019\\\/01\\\/banner-azienda-boron.jpg\",\"datePublished\":\"2017-02-23T15:51:29+00:00\",\"dateModified\":\"2021-11-02T08:55:06+00:00\",\"description\":\"Tradition und Innovation zeichnen die st\u00e4ndig wachsende Entwicklung unseres Unternehmens aus. Das Ergebnis sind vollmundige und charakterstarke Weine.\",\"breadcrumb\":{\"@id\":\"https:\\\/\\\/boronvini.com\\\/de\\\/la-cantina\\\/#breadcrumb\"},\"inLanguage\":\"de\",\"potentialAction\":[{\"@type\":\"ReadAction\",\"target\":[[\"https:\\\/\\\/boronvini.com\\\/de\\\/la-cantina\\\/\"]]}]},{\"@type\":\"ImageObject\",\"inLanguage\":\"de\",\"@id\":\"https:\\\/\\\/boronvini.com\\\/de\\\/la-cantina\\\/#primaryimage\",\"url\":\"https:\\\/\\\/boronvini.com\\\/wp-content\\\/uploads\\\/2019\\\/01\\\/banner-azienda-boron.jpg\",\"contentUrl\":\"https:\\\/\\\/boronvini.com\\\/wp-content\\\/uploads\\\/2019\\\/01\\\/banner-azienda-boron.jpg\",\"width\":1900,\"height\":500},{\"@type\":\"BreadcrumbList\",\"@id\":\"https:\\\/\\\/boronvini.com\\\/de\\\/la-cantina\\\/#breadcrumb\",\"itemListElement\":[{\"@type\":\"ListItem\",\"position\":1,\"name\":\"Home\",\"item\":\"https:\\\/\\\/boronvini.com\\\/de\\\/\"},{\"@type\":\"ListItem\",\"position\":2,\"name\":\"La Cantina\"}]},{\"@type\":\"WebSite\",\"@id\":\"https:\\\/\\\/boronvini.com\\\/de\\\/#website\",\"url\":\"https:\\\/\\\/boronvini.com\\\/de\\\/\",\"name\":\"Vini Boron - Lison Pramaggiore (Italien)\",\"description\":\"Weine - Lison Pramaggiore (Italien)\",\"potentialAction\":[{\"@type\":\"SearchAction\",\"target\":{\"@type\":\"EntryPoint\",\"urlTemplate\":\"https:\\\/\\\/boronvini.com\\\/de\\\/?s={search_term_string}\"},\"query-input\":{\"@type\":\"PropertyValueSpecification\",\"valueRequired\":true,\"valueName\":\"search_term_string\"}}],\"inLanguage\":\"de\"}]}<\/script>\n<!-- \/ Yoast SEO plugin. -->","yoast_head_json":{"title":"Der Weinkeller - Vini Boron - Lison Pramaggiore (Italien)","description":"Tradition und Innovation zeichnen die st\u00e4ndig wachsende Entwicklung unseres Unternehmens aus. Das Ergebnis sind vollmundige und charakterstarke Weine.","robots":{"index":"index","follow":"follow","max-snippet":"max-snippet:-1","max-image-preview":"max-image-preview:large","max-video-preview":"max-video-preview:-1"},"canonical":"https:\/\/boronvini.com\/de\/la-cantina\/","og_locale":"de_DE","og_type":"article","og_title":"Der Weinkeller - Vini Boron - Lison Pramaggiore (Italien)","og_description":"Tradition und Innovation zeichnen die st\u00e4ndig wachsende Entwicklung unseres Unternehmens aus. Das Ergebnis sind vollmundige und charakterstarke Weine.","og_url":"https:\/\/boronvini.com\/de\/la-cantina\/","og_site_name":"Vini Boron - Lison Pramaggiore (Italien)","article_modified_time":"2021-11-02T08:55:06+00:00","og_image":[{"width":1900,"height":500,"url":"https:\/\/boronvini.com\/wp-content\/uploads\/2019\/01\/banner-azienda-boron.jpg","type":"image\/jpeg"}],"twitter_card":"summary_large_image","twitter_misc":{"Gesch\u00e4tzte Lesezeit":"1\u00a0Minute"},"schema":{"@context":"https:\/\/schema.org","@graph":[{"@type":"WebPage","@id":"https:\/\/boronvini.com\/de\/la-cantina\/","url":"https:\/\/boronvini.com\/de\/la-cantina\/","name":"Der Weinkeller - Vini Boron - Lison Pramaggiore (Italien)","isPartOf":{"@id":"https:\/\/boronvini.com\/de\/#website"},"primaryImageOfPage":{"@id":"https:\/\/boronvini.com\/de\/la-cantina\/#primaryimage"},"image":{"@id":"https:\/\/boronvini.com\/la-cantina\/#primaryimage"},"thumbnailUrl":"https:\/\/boronvini.com\/wp-content\/uploads\/2019\/01\/banner-azienda-boron.jpg","datePublished":"2017-02-23T15:51:29+00:00","dateModified":"2021-11-02T08:55:06+00:00","description":"Tradition und Innovation zeichnen die st\u00e4ndig wachsende Entwicklung unseres Unternehmens aus. Das Ergebnis sind vollmundige und charakterstarke Weine.","breadcrumb":{"@id":"https:\/\/boronvini.com\/de\/la-cantina\/#breadcrumb"},"inLanguage":"de","potentialAction":[{"@type":"ReadAction","target":[["https:\/\/boronvini.com\/de\/la-cantina\/"]]}]},{"@type":"ImageObject","inLanguage":"de","@id":"https:\/\/boronvini.com\/de\/la-cantina\/#primaryimage","url":"https:\/\/boronvini.com\/wp-content\/uploads\/2019\/01\/banner-azienda-boron.jpg","contentUrl":"https:\/\/boronvini.com\/wp-content\/uploads\/2019\/01\/banner-azienda-boron.jpg","width":1900,"height":500},{"@type":"BreadcrumbList","@id":"https:\/\/boronvini.com\/de\/la-cantina\/#breadcrumb","itemListElement":[{"@type":"ListItem","position":1,"name":"Home","item":"https:\/\/boronvini.com\/de\/"},{"@type":"ListItem","position":2,"name":"La Cantina"}]},{"@type":"WebSite","@id":"https:\/\/boronvini.com\/de\/#website","url":"https:\/\/boronvini.com\/de\/","name":"Vini Boron - Lison Pramaggiore (Italien)","description":"Weine - Lison Pramaggiore (Italien)","potentialAction":[{"@type":"SearchAction","target":{"@type":"EntryPoint","urlTemplate":"https:\/\/boronvini.com\/de\/?s={search_term_string}"},"query-input":{"@type":"PropertyValueSpecification","valueRequired":true,"valueName":"search_term_string"}}],"inLanguage":"de"}]}},"_links":{"self":[{"href":"https:\/\/boronvini.com\/de\/wp-json\/wp\/v2\/pages\/23085","targetHints":{"allow":["GET"]}}],"collection":[{"href":"https:\/\/boronvini.com\/de\/wp-json\/wp\/v2\/pages"}],"about":[{"href":"https:\/\/boronvini.com\/de\/wp-json\/wp\/v2\/types\/page"}],"author":[{"embeddable":true,"href":"https:\/\/boronvini.com\/de\/wp-json\/wp\/v2\/users\/8"}],"replies":[{"embeddable":true,"href":"https:\/\/boronvini.com\/de\/wp-json\/wp\/v2\/comments?post=23085"}],"version-history":[{"count":1,"href":"https:\/\/boronvini.com\/de\/wp-json\/wp\/v2\/pages\/23085\/revisions"}],"predecessor-version":[{"id":24080,"href":"https:\/\/boronvini.com\/de\/wp-json\/wp\/v2\/pages\/23085\/revisions\/24080"}],"wp:featuredmedia":[{"embeddable":true,"href":"https:\/\/boronvini.com\/de\/wp-json\/wp\/v2\/media\/23955"}],"wp:attachment":[{"href":"https:\/\/boronvini.com\/de\/wp-json\/wp\/v2\/media?parent=23085"}],"curies":[{"name":"wp","href":"https:\/\/api.w.org\/{rel}","templated":true}]}}